{"id":1029,"date":"2024-04-12T01:09:36","date_gmt":"2024-04-12T01:09:36","guid":{"rendered":"https:\/\/www.macaronboutique.com\/?page_id=1029"},"modified":"2024-04-12T01:12:41","modified_gmt":"2024-04-12T01:12:41","slug":"special-offer","status":"publish","type":"page","link":"https:\/\/www.macaronboutique.com\/es\/special-offer\/","title":{"rendered":"Oferta Especial"},"content":{"rendered":"<div data-elementor-type=\"wp-page\" data-elementor-id=\"1029\" class=\"elementor elementor-1029\" data-elementor-post-type=\"page\">\n\t\t\t\t\t\t<section class=\"elementor-section elementor-top-section elementor-element elementor-element-2c3c1eba elementor-section-height-min-height elementor-section-boxed elementor-section-height-default elementor-section-items-middle\" data-id=\"2c3c1eba\" data-element_type=\"section\" data-settings=\"{&quot;background_background&quot;:&quot;classic&quot;}\">\n\t\t\t\t\t\t\t<div class=\"elementor-background-overlay\"><\/div>\n\t\t\t\t\t\t\t<div class=\"elementor-container elementor-column-gap-default\">\n\t\t\t\t\t<div class=\"elementor-column elementor-col-100 elementor-top-column elementor-element elementor-element-4b406f7b\" data-id=\"4b406f7b\" data-element_type=\"column\">\n\t\t\t<div class=\"elementor-widget-wrap elementor-element-populated\">\n\t\t\t\t\t\t\t<\/div>\n\t\t<\/div>\n\t\t\t\t\t<\/div>\n\t\t<\/section>\n\t\t\t\t<section class=\"elementor-section elementor-top-section elementor-element elementor-element-769c6451 elementor-section-boxed elementor-section-height-default elementor-section-height-default\" data-id=\"769c6451\" data-element_type=\"section\">\n\t\t\t\t\t\t<div class=\"elementor-container elementor-column-gap-default\">\n\t\t\t\t\t<div class=\"elementor-column elementor-col-50 elementor-top-column elementor-element elementor-element-50d22ba5\" data-id=\"50d22ba5\" data-element_type=\"column\">\n\t\t\t<div class=\"elementor-widget-wrap elementor-element-populated\">\n\t\t\t\t\t\t<div class=\"elementor-element elementor-element-6d7d4140 elementor-widget elementor-widget-text-editor\" data-id=\"6d7d4140\" data-element_type=\"widget\" data-widget_type=\"text-editor.default\">\n\t\t\t\t<div class=\"elementor-widget-container\">\n\t\t\t\t\t\t\t\t\t<p>Perm\u00edtenos ayudarte a crear momentos incre\u00edbles y deliciosos con nuestra Combo Delight Party: una Torre de Macarons, una Torre de Fresas y nuestro impresionante Pastel, una obra maestra de sabores delicados y dise\u00f1o exquisito, que celebra el amor en cada rebanada.<\/p><p>Son la elecci\u00f3n perfecta para a\u00f1adir un toque de elegancia a cualquier ocasi\u00f3n.<\/p>\t\t\t\t\t\t\t\t<\/div>\n\t\t\t\t<\/div>\n\t\t\t\t<div class=\"elementor-element elementor-element-1273289c elementor-widget elementor-widget-heading\" data-id=\"1273289c\" data-element_type=\"widget\" data-widget_type=\"heading.default\">\n\t\t\t\t<div class=\"elementor-widget-container\">\n\t\t\t\t\t<h2 class=\"elementor-heading-title elementor-size-default\">Cont\u00e1ctenos para hablar sobre su solicitud y hacerla realidad.<\/h2>\t\t\t\t<\/div>\n\t\t\t\t<\/div>\n\t\t\t\t<div class=\"elementor-element elementor-element-d17b11b elementor-align-center elementor-icon-list--layout-traditional elementor-list-item-link-full_width elementor-widget elementor-widget-icon-list\" data-id=\"d17b11b\" data-element_type=\"widget\" data-widget_type=\"icon-list.default\">\n\t\t\t\t<div class=\"elementor-widget-container\">\n\t\t\t\t\t\t\t<ul class=\"elementor-icon-list-items\">\n\t\t\t\t\t\t\t<li class=\"elementor-icon-list-item\">\n\t\t\t\t\t\t\t\t\t\t\t<a href=\"https:\/\/wa.me\/+1702728%209447\" target=\"_blank\">\n\n\t\t\t\t\t\t\t\t\t\t\t\t<span class=\"elementor-icon-list-icon\">\n\t\t\t\t\t\t\t<svg aria-hidden=\"true\" class=\"e-font-icon-svg e-fab-whatsapp\" viewbox=\"0 0 448 512\" xmlns=\"http:\/\/www.w3.org\/2000\/svg\"><path d=\"M380.9 97.1C339 55.1 283.2 32 223.9 32c-122.4 0-222 99.6-222 222 0 39.1 10.2 77.3 29.6 111L0 480l117.7-30.9c32.4 17.7 68.9 27 106.1 27h.1c122.3 0 224.1-99.6 224.1-222 0-59.3-25.2-115-67.1-157zm-157 341.6c-33.2 0-65.7-8.9-94-25.7l-6.7-4-69.8 18.3L72 359.2l-4.4-7c-18.5-29.4-28.2-63.3-28.2-98.2 0-101.7 82.8-184.5 184.6-184.5 49.3 0 95.6 19.2 130.4 54.1 34.8 34.9 56.2 81.2 56.1 130.5 0 101.8-84.9 184.6-186.6 184.6zm101.2-138.2c-5.5-2.8-32.8-16.2-37.9-18-5.1-1.9-8.8-2.8-12.5 2.8-3.7 5.6-14.3 18-17.6 21.8-3.2 3.7-6.5 4.2-12 1.4-32.6-16.3-54-29.1-75.5-66-5.7-9.8 5.7-9.1 16.3-30.3 1.8-3.7.9-6.9-.5-9.7-1.4-2.8-12.5-30.1-17.1-41.2-4.5-10.8-9.1-9.3-12.5-9.5-3.2-.2-6.9-.2-10.6-.2-3.7 0-9.7 1.4-14.8 6.9-5.1 5.6-19.4 19-19.4 46.3 0 27.3 19.9 53.7 22.6 57.4 2.8 3.7 39.1 59.7 94.8 83.8 35.2 15.2 49 16.5 66.6 13.9 10.7-1.6 32.8-13.4 37.4-26.4 4.6-13 4.6-24.1 3.2-26.4-1.3-2.5-5-3.9-10.5-6.6z\"><\/path><\/svg>\t\t\t\t\t\t<\/span>\n\t\t\t\t\t\t\t\t\t\t<span class=\"elementor-icon-list-text\">1 (702) 728 9447<\/span>\n\t\t\t\t\t\t\t\t\t\t\t<\/a>\n\t\t\t\t\t\t\t\t\t<\/li>\n\t\t\t\t\t\t<\/ul>\n\t\t\t\t\t\t<\/div>\n\t\t\t\t<\/div>\n\t\t\t\t\t<\/div>\n\t\t<\/div>\n\t\t\t\t<div class=\"elementor-column elementor-col-50 elementor-top-column elementor-element elementor-element-106d150d\" data-id=\"106d150d\" data-element_type=\"column\">\n\t\t\t<div class=\"elementor-widget-wrap elementor-element-populated\">\n\t\t\t\t\t\t<div class=\"elementor-element elementor-element-7530c68 elementor-widget elementor-widget-image\" data-id=\"7530c68\" data-element_type=\"widget\" data-widget_type=\"image.default\">\n\t\t\t\t<div class=\"elementor-widget-container\">\n\t\t\t\t\t\t\t\t\t\t\t\t<figure class=\"wp-caption\">\n\t\t\t\t\t\t\t\t\t\t<img fetchpriority=\"high\" decoding=\"async\" width=\"800\" height=\"800\" src=\"https:\/\/www.macaronboutique.com\/wp-content\/uploads\/2024\/04\/Recurso-6.png\" class=\"attachment-large size-large wp-image-996\" alt=\"\" srcset=\"https:\/\/www.macaronboutique.com\/wp-content\/uploads\/2024\/04\/Recurso-6.png 814w, https:\/\/www.macaronboutique.com\/wp-content\/uploads\/2024\/04\/Recurso-6-300x300.png 300w, https:\/\/www.macaronboutique.com\/wp-content\/uploads\/2024\/04\/Recurso-6-150x150.png 150w, https:\/\/www.macaronboutique.com\/wp-content\/uploads\/2024\/04\/Recurso-6-768x768.png 768w, https:\/\/www.macaronboutique.com\/wp-content\/uploads\/2024\/04\/Recurso-6-600x600.png 600w, https:\/\/www.macaronboutique.com\/wp-content\/uploads\/2024\/04\/Recurso-6-100x100.png 100w\" sizes=\"(max-width: 800px) 100vw, 800px\" \/>\t\t\t\t\t\t\t\t\t\t\t<figcaption class=\"widget-image-caption wp-caption-text\">COMBO ESPECIAL DE FIESTA<\/figcaption>\n\t\t\t\t\t\t\t\t\t\t<\/figure>\n\t\t\t\t\t\t\t\t\t<\/div>\n\t\t\t\t<\/div>\n\t\t\t\t\t<\/div>\n\t\t<\/div>\n\t\t\t\t\t<\/div>\n\t\t<\/section>\n\t\t\t\t<section class=\"elementor-section elementor-top-section elementor-element elementor-element-7fe0ce16 elementor-section-boxed elementor-section-height-default elementor-section-height-default\" data-id=\"7fe0ce16\" data-element_type=\"section\">\n\t\t\t\t\t\t<div class=\"elementor-container elementor-column-gap-default\">\n\t\t\t\t\t<div class=\"elementor-column elementor-col-100 elementor-top-column elementor-element elementor-element-3f0c6f5\" data-id=\"3f0c6f5\" data-element_type=\"column\">\n\t\t\t<div class=\"elementor-widget-wrap\">\n\t\t\t\t\t\t\t<\/div>\n\t\t<\/div>\n\t\t\t\t\t<\/div>\n\t\t<\/section>\n\t\t\t\t<\/div>","protected":false},"excerpt":{"rendered":"<p>Let us help you create amazing and delicious moments with our Combo Delight Party: a Macarons Tower, Strawberry Tower, and our breathtaking Cake\u2014a masterpiece of delicate flavors and exquisite design, celebrating love in every slice. They&#8217;re the perfect choice for adding a touch of elegance to any occasion. Contact us to discuss your request and [&hellip;]<\/p>","protected":false},"author":1,"featured_media":0,"parent":0,"menu_order":0,"comment_status":"closed","ping_status":"closed","template":"","meta":{"_acf_changed":false,"om_disable_all_campaigns":false,"_monsterinsights_skip_tracking":false,"_monsterinsights_sitenote_active":false,"_monsterinsights_sitenote_note":"","_monsterinsights_sitenote_category":0,"_joinchat":[],"footnotes":""},"class_list":["post-1029","page","type-page","status-publish","hentry"],"acf":[],"yoast_head":"<!-- This site is optimized with the Yoast SEO Premium plugin v23.2 (Yoast SEO v25.7) - https:\/\/yoast.com\/wordpress\/plugins\/seo\/ -->\n<title>Special Offer - Macaron Boutique<\/title>\n<meta name=\"description\" content=\"Discover a diverse selection of exquisite creations, ranging from the Strawberry Tower and macaron Towers to beautiful cakes and more, all designed to make your special occasion truly unforgettable.\" \/>\n<meta name=\"robots\" content=\"index, follow, max-snippet:-1, max-image-preview:large, max-video-preview:-1\" \/>\n<link rel=\"canonical\" href=\"https:\/\/www.macaronboutique.com\/es\/special-offer\/\" \/>\n<meta property=\"og:locale\" content=\"es_ES\" \/>\n<meta property=\"og:type\" content=\"article\" \/>\n<meta property=\"og:title\" content=\"Special Offer\" \/>\n<meta property=\"og:description\" content=\"Discover a diverse selection of exquisite creations, ranging from the Strawberry Tower and macaron Towers to beautiful cakes and more, all designed to make your special occasion truly unforgettable.\" \/>\n<meta property=\"og:url\" content=\"https:\/\/www.macaronboutique.com\/es\/special-offer\/\" \/>\n<meta property=\"og:site_name\" content=\"Macaron Boutique\" \/>\n<meta property=\"article:publisher\" content=\"https:\/\/www.facebook.com\/macaronboutiques\/\" \/>\n<meta property=\"article:modified_time\" content=\"2024-04-12T01:12:41+00:00\" \/>\n<meta property=\"og:image\" content=\"https:\/\/www.macaronboutique.com\/wp-content\/uploads\/2024\/04\/Recurso-6.png\" \/>\n<meta name=\"twitter:card\" content=\"summary_large_image\" \/>\n<script type=\"application\/ld+json\" class=\"yoast-schema-graph\">{\"@context\":\"https:\/\/schema.org\",\"@graph\":[{\"@type\":\"WebPage\",\"@id\":\"https:\/\/www.macaronboutique.com\/special-offer\/\",\"url\":\"https:\/\/www.macaronboutique.com\/special-offer\/\",\"name\":\"Special Offer - Macaron Boutique\",\"isPartOf\":{\"@id\":\"https:\/\/www.macaronboutique.com\/#website\"},\"primaryImageOfPage\":{\"@id\":\"https:\/\/www.macaronboutique.com\/special-offer\/#primaryimage\"},\"image\":{\"@id\":\"https:\/\/www.macaronboutique.com\/special-offer\/#primaryimage\"},\"thumbnailUrl\":\"https:\/\/www.macaronboutique.com\/wp-content\/uploads\/2024\/04\/Recurso-6.png\",\"datePublished\":\"2024-04-12T01:09:36+00:00\",\"dateModified\":\"2024-04-12T01:12:41+00:00\",\"description\":\"Discover a diverse selection of exquisite creations, ranging from the Strawberry Tower and macaron Towers to beautiful cakes and more, all designed to make your special occasion truly unforgettable.\",\"breadcrumb\":{\"@id\":\"https:\/\/www.macaronboutique.com\/special-offer\/#breadcrumb\"},\"inLanguage\":\"es\",\"potentialAction\":[{\"@type\":\"ReadAction\",\"target\":[\"https:\/\/www.macaronboutique.com\/special-offer\/\"]}]},{\"@type\":\"ImageObject\",\"inLanguage\":\"es\",\"@id\":\"https:\/\/www.macaronboutique.com\/special-offer\/#primaryimage\",\"url\":\"https:\/\/www.macaronboutique.com\/wp-content\/uploads\/2024\/04\/Recurso-6.png\",\"contentUrl\":\"https:\/\/www.macaronboutique.com\/wp-content\/uploads\/2024\/04\/Recurso-6.png\"},{\"@type\":\"BreadcrumbList\",\"@id\":\"https:\/\/www.macaronboutique.com\/special-offer\/#breadcrumb\",\"itemListElement\":[{\"@type\":\"ListItem\",\"position\":1,\"name\":\"Home\",\"item\":\"https:\/\/www.macaronboutique.com\/\"},{\"@type\":\"ListItem\",\"position\":2,\"name\":\"Special Offer\"}]},{\"@type\":\"WebSite\",\"@id\":\"https:\/\/www.macaronboutique.com\/#website\",\"url\":\"https:\/\/www.macaronboutique.com\/\",\"name\":\"Macaron Boutique\",\"description\":\"By Ana Mar\u00eda Mar\u00edn\",\"publisher\":{\"@id\":\"https:\/\/www.macaronboutique.com\/#organization\"},\"potentialAction\":[{\"@type\":\"SearchAction\",\"target\":{\"@type\":\"EntryPoint\",\"urlTemplate\":\"https:\/\/www.macaronboutique.com\/?s={search_term_string}\"},\"query-input\":{\"@type\":\"PropertyValueSpecification\",\"valueRequired\":true,\"valueName\":\"search_term_string\"}}],\"inLanguage\":\"es\"},{\"@type\":\"Organization\",\"@id\":\"https:\/\/www.macaronboutique.com\/#organization\",\"name\":\"Macaron Boutique\",\"url\":\"https:\/\/www.macaronboutique.com\/\",\"logo\":{\"@type\":\"ImageObject\",\"inLanguage\":\"es\",\"@id\":\"https:\/\/www.macaronboutique.com\/#\/schema\/logo\/image\/\",\"url\":\"https:\/\/www.macaronboutique.com\/wp-content\/uploads\/2024\/04\/logo.png\",\"contentUrl\":\"https:\/\/www.macaronboutique.com\/wp-content\/uploads\/2024\/04\/logo.png\",\"width\":197,\"height\":192,\"caption\":\"Macaron Boutique\"},\"image\":{\"@id\":\"https:\/\/www.macaronboutique.com\/#\/schema\/logo\/image\/\"},\"sameAs\":[\"https:\/\/www.facebook.com\/macaronboutiques\/\",\"https:\/\/www.instagram.com\/macaronboutiques\/\",\"https:\/\/youtube.com\/@MacaronBoutique?si=KVhNrlBIwaGOjeHT\"]}]}<\/script>\n<!-- \/ Yoast SEO Premium plugin. -->","yoast_head_json":{"title":"Special Offer - Macaron Boutique","description":"Discover a diverse selection of exquisite creations, ranging from the Strawberry Tower and macaron Towers to beautiful cakes and more, all designed to make your special occasion truly unforgettable.","robots":{"index":"index","follow":"follow","max-snippet":"max-snippet:-1","max-image-preview":"max-image-preview:large","max-video-preview":"max-video-preview:-1"},"canonical":"https:\/\/www.macaronboutique.com\/es\/special-offer\/","og_locale":"es_ES","og_type":"article","og_title":"Special Offer","og_description":"Discover a diverse selection of exquisite creations, ranging from the Strawberry Tower and macaron Towers to beautiful cakes and more, all designed to make your special occasion truly unforgettable.","og_url":"https:\/\/www.macaronboutique.com\/es\/special-offer\/","og_site_name":"Macaron Boutique","article_publisher":"https:\/\/www.facebook.com\/macaronboutiques\/","article_modified_time":"2024-04-12T01:12:41+00:00","og_image":[{"url":"https:\/\/www.macaronboutique.com\/wp-content\/uploads\/2024\/04\/Recurso-6.png","type":"","width":"","height":""}],"twitter_card":"summary_large_image","schema":{"@context":"https:\/\/schema.org","@graph":[{"@type":"WebPage","@id":"https:\/\/www.macaronboutique.com\/special-offer\/","url":"https:\/\/www.macaronboutique.com\/special-offer\/","name":"Special Offer - Macaron Boutique","isPartOf":{"@id":"https:\/\/www.macaronboutique.com\/#website"},"primaryImageOfPage":{"@id":"https:\/\/www.macaronboutique.com\/special-offer\/#primaryimage"},"image":{"@id":"https:\/\/www.macaronboutique.com\/special-offer\/#primaryimage"},"thumbnailUrl":"https:\/\/www.macaronboutique.com\/wp-content\/uploads\/2024\/04\/Recurso-6.png","datePublished":"2024-04-12T01:09:36+00:00","dateModified":"2024-04-12T01:12:41+00:00","description":"Discover a diverse selection of exquisite creations, ranging from the Strawberry Tower and macaron Towers to beautiful cakes and more, all designed to make your special occasion truly unforgettable.","breadcrumb":{"@id":"https:\/\/www.macaronboutique.com\/special-offer\/#breadcrumb"},"inLanguage":"es","potentialAction":[{"@type":"ReadAction","target":["https:\/\/www.macaronboutique.com\/special-offer\/"]}]},{"@type":"ImageObject","inLanguage":"es","@id":"https:\/\/www.macaronboutique.com\/special-offer\/#primaryimage","url":"https:\/\/www.macaronboutique.com\/wp-content\/uploads\/2024\/04\/Recurso-6.png","contentUrl":"https:\/\/www.macaronboutique.com\/wp-content\/uploads\/2024\/04\/Recurso-6.png"},{"@type":"BreadcrumbList","@id":"https:\/\/www.macaronboutique.com\/special-offer\/#breadcrumb","itemListElement":[{"@type":"ListItem","position":1,"name":"Home","item":"https:\/\/www.macaronboutique.com\/"},{"@type":"ListItem","position":2,"name":"Special Offer"}]},{"@type":"WebSite","@id":"https:\/\/www.macaronboutique.com\/#website","url":"https:\/\/www.macaronboutique.com\/","name":"Macaron Boutique","description":"By Ana Mar\u00eda Mar\u00edn","publisher":{"@id":"https:\/\/www.macaronboutique.com\/#organization"},"potentialAction":[{"@type":"SearchAction","target":{"@type":"EntryPoint","urlTemplate":"https:\/\/www.macaronboutique.com\/?s={search_term_string}"},"query-input":{"@type":"PropertyValueSpecification","valueRequired":true,"valueName":"search_term_string"}}],"inLanguage":"es"},{"@type":"Organization","@id":"https:\/\/www.macaronboutique.com\/#organization","name":"Macaron Boutique","url":"https:\/\/www.macaronboutique.com\/","logo":{"@type":"ImageObject","inLanguage":"es","@id":"https:\/\/www.macaronboutique.com\/#\/schema\/logo\/image\/","url":"https:\/\/www.macaronboutique.com\/wp-content\/uploads\/2024\/04\/logo.png","contentUrl":"https:\/\/www.macaronboutique.com\/wp-content\/uploads\/2024\/04\/logo.png","width":197,"height":192,"caption":"Macaron Boutique"},"image":{"@id":"https:\/\/www.macaronboutique.com\/#\/schema\/logo\/image\/"},"sameAs":["https:\/\/www.facebook.com\/macaronboutiques\/","https:\/\/www.instagram.com\/macaronboutiques\/","https:\/\/youtube.com\/@MacaronBoutique?si=KVhNrlBIwaGOjeHT"]}]}},"_links":{"self":[{"href":"https:\/\/www.macaronboutique.com\/es\/wp-json\/wp\/v2\/pages\/1029","targetHints":{"allow":["GET"]}}],"collection":[{"href":"https:\/\/www.macaronboutique.com\/es\/wp-json\/wp\/v2\/pages"}],"about":[{"href":"https:\/\/www.macaronboutique.com\/es\/wp-json\/wp\/v2\/types\/page"}],"author":[{"embeddable":true,"href":"https:\/\/www.macaronboutique.com\/es\/wp-json\/wp\/v2\/users\/1"}],"replies":[{"embeddable":true,"href":"https:\/\/www.macaronboutique.com\/es\/wp-json\/wp\/v2\/comments?post=1029"}],"version-history":[{"count":0,"href":"https:\/\/www.macaronboutique.com\/es\/wp-json\/wp\/v2\/pages\/1029\/revisions"}],"wp:attachment":[{"href":"https:\/\/www.macaronboutique.com\/es\/wp-json\/wp\/v2\/media?parent=1029"}],"curies":[{"name":"wp","href":"https:\/\/api.w.org\/{rel}","templated":true}]}}